{"id":2,"date":"2021-11-03T12:24:19","date_gmt":"2021-11-03T12:24:19","guid":{"rendered":"https:\/\/www.fap-gmbh.de\/?page_id=2"},"modified":"2025-09-30T10:45:06","modified_gmt":"2025-09-30T10:45:06","slug":"sample-page","status":"publish","type":"page","link":"https:\/\/www.fap-gmbh.de\/en\/","title":{"rendered":"Forschungs- und Applikationslabor Plasmatechnik GmbH"},"content":{"rendered":"<p>Welcome to FAP GmbH Dresden, Germany,<\/p>\n\n\n\n<p>Your primary contact for the complete service, refurbishment and sale of equipment and components of <strong>High Frequency Power Technology<\/strong>, <strong>Gas, Measurement and control technology (MFC)<\/strong> and the planning and manufacturing of <strong>custom installations<\/strong> (special equipment) and <strong>Components for the vacuum thin - film technology<\/strong>. <\/p>\n\n\n\n<p>We are a service provider for research and development and industry, for example semiconductor production, sensor and thin-film technology and environmental technology.<\/p>\n\n\n\n<p class=\"translation-block\">In our thin-film laboratory we can realise various technologies, for example for silicon alloys, in the form of <strong>contract coatings<\/strong>.<\/p>\n\n\n\n<div class=\"wp-block-jetpack-layout-grid alignfull column1-desktop-grid__span-8 column1-desktop-grid__row-1 column2-desktop-grid__span-4 column2-desktop-grid__start-9 column2-desktop-grid__row-1 column1-tablet-grid__span-4 column1-tablet-grid__row-1 column2-tablet-grid__span-4 column2-tablet-grid__start-5 column2-tablet-grid__row-1 column1-mobile-grid__span-4 column1-mobile-grid__row-1 column2-mobile-grid__span-4 column2-mobile-grid__row-2\">\n<div class=\"wp-block-jetpack-layout-grid-column p-0 wp-block-jetpack-layout-grid__padding-none\">\n<p><\/p>\n<\/div>\n\n\n\n<div class=\"wp-block-jetpack-layout-grid-column wp-block-jetpack-layout-grid__padding-none\"><\/div>\n<\/div>","protected":false},"excerpt":{"rendered":"<p>Willkommen bei der FAP GmbH Dresden, Ihr Ansprechpartner f\u00fcr den Komplettservice, die General\u00fcberholung und den Verkauf von Ger\u00e4ten und Komponenten der Hochfrequenz-Leistungstechnik, der Gas-, Mess- und Regeltechnik (MFC) sowie der Planung und der Herstellung kundenspezifischer Anlagen (Sonderanlagen) und Komponenten f\u00fcr die Vakuum- D\u00fcnnschichttechnik. Wir sind Dienstleister f\u00fcr die Forschung- und Entwicklung und die Industrie, zum [&hellip;]<\/p>\n","protected":false},"author":5,"featured_media":17,"parent":0,"menu_order":1,"comment_status":"closed","ping_status":"closed","template":"","meta":{"_acf_changed":false,"_eb_attr":"","inline_featured_image":false,"footnotes":""},"class_list":["post-2","page","type-page","status-publish","has-post-thumbnail","hentry"],"acf":[],"_links":{"self":[{"href":"https:\/\/www.fap-gmbh.de\/en\/wp-json\/wp\/v2\/pages\/2","targetHints":{"allow":["GET"]}}],"collection":[{"href":"https:\/\/www.fap-gmbh.de\/en\/wp-json\/wp\/v2\/pages"}],"about":[{"href":"https:\/\/www.fap-gmbh.de\/en\/wp-json\/wp\/v2\/types\/page"}],"author":[{"embeddable":true,"href":"https:\/\/www.fap-gmbh.de\/en\/wp-json\/wp\/v2\/users\/5"}],"replies":[{"embeddable":true,"href":"https:\/\/www.fap-gmbh.de\/en\/wp-json\/wp\/v2\/comments?post=2"}],"version-history":[{"count":66,"href":"https:\/\/www.fap-gmbh.de\/en\/wp-json\/wp\/v2\/pages\/2\/revisions"}],"predecessor-version":[{"id":659,"href":"https:\/\/www.fap-gmbh.de\/en\/wp-json\/wp\/v2\/pages\/2\/revisions\/659"}],"wp:featuredmedia":[{"embeddable":true,"href":"https:\/\/www.fap-gmbh.de\/en\/wp-json\/wp\/v2\/media\/17"}],"wp:attachment":[{"href":"https:\/\/www.fap-gmbh.de\/en\/wp-json\/wp\/v2\/media?parent=2"}],"curies":[{"name":"wp","href":"https:\/\/api.w.org\/{rel}","templated":true}]}}