{"id":224,"date":"2022-02-24T10:35:10","date_gmt":"2022-02-24T10:35:10","guid":{"rendered":"https:\/\/www.fap-gmbh.de\/?page_id=224"},"modified":"2024-11-21T13:16:14","modified_gmt":"2024-11-21T13:16:14","slug":"mfc","status":"publish","type":"page","link":"https:\/\/www.fap-gmbh.de\/en\/leistungen\/mfc\/","title":{"rendered":"Gas-, Mess- &#038; Regeltechnik"},"content":{"rendered":"\n<p><\/p>\n\n\n\n<p>F\u00fcr Beschichtungs-, \u00c4tz-, und diversen D\u00fcnnschichtanlagen in der Halbleiterindustrie, der Sensor-, Display- und Solarfertigung sowie der chemischen Industrie und der Forschung und Entwicklung bieten wir verschiedene Komponenten und Services der Gas- und Reinstgastechnik an.<\/p>\n\n\n<div class=\"wp-block-image my-10\">\n<figure class=\"aligncenter size-large\"><img loading=\"lazy\" decoding=\"async\" width=\"646\" height=\"278\" src=\"https:\/\/www.fap-gmbh.de\/wp-content\/uploads\/2022\/03\/leistungen-3.svg\" alt=\"\" class=\"wp-image-366\"\/><\/figure>\n<\/div>\n\n\n<h3 class=\"wp-block-heading\"><strong>Produkte <\/strong><\/h3>\n\n\n\n<p><strong>der Fa. Proterial und Marken Hitachi\/AERA (andere Typen auf Anfrage)<\/strong><\/p>\n\n\n\n<div class=\"wp-block-columns is-layout-flex wp-container-core-columns-is-layout-9d6595d7 wp-block-columns-is-layout-flex\">\n<div class=\"wp-block-column is-layout-flow wp-block-column-is-layout-flow\">\n<div class=\"wp-block-buttons is-layout-flex wp-block-buttons-is-layout-flex\">\n<div class=\"wp-block-button has-custom-width wp-block-button__width-100 is-style-fill w-100 no-hand\"><a class=\"wp-block-button__link has-background wp-element-button\" style=\"border-radius:0px;background:linear-gradient(180deg,rgb(182,31,41) 0%,rgb(139,27,34) 100%)\">Elastomergedichtete MFC<\/a><\/div>\n<\/div>\n<\/div>\n\n\n\n<div class=\"wp-block-column is-layout-flow wp-block-column-is-layout-flow\">\n<div class=\"wp-block-buttons is-layout-flex wp-block-buttons-is-layout-flex\">\n<div class=\"wp-block-button has-custom-width wp-block-button__width-100 is-style-fill w-100 no-hand\"><a class=\"wp-block-button__link has-background wp-element-button\" style=\"border-radius:0px;background:linear-gradient(180deg,rgb(182,31,41) 0%,rgb(139,27,34) 100%)\">Metallgedichtete MFC<\/a><\/div>\n<\/div>\n<\/div>\n\n\n\n<div class=\"wp-block-column is-layout-flow wp-block-column-is-layout-flow\">\n<div class=\"wp-block-buttons is-layout-flex wp-block-buttons-is-layout-flex\">\n<div class=\"wp-block-button has-custom-width wp-block-button__width-100 is-style-fill w-100 no-hand\"><a class=\"wp-block-button__link has-background wp-element-button\" style=\"border-radius:0px;background:linear-gradient(180deg,rgb(182,31,41) 0%,rgb(139,27,34) 100%)\">Digitale MFC<\/a><\/div>\n<\/div>\n<\/div>\n<\/div>\n\n\n\n<ul class=\"wp-block-list\">\n<li>Verdampfersysteme f\u00fcr die Produktion<\/li>\n\n\n\n<li>Planung von Gassteuersystemen z.Bsp. f\u00fcr D\u00fcnnschichtabscheidungen im Vakuum<\/li>\n<\/ul>\n\n\n\n<p><strong>Spezifikationen\/Datenbl\u00e4tter MFC<\/strong><\/p>\n\n\n\n<div class=\"wp-block-columns is-layout-flex wp-container-core-columns-is-layout-9d6595d7 wp-block-columns-is-layout-flex\">\n<div class=\"wp-block-column is-layout-flow wp-block-column-is-layout-flow\">\n<h5 class=\"wp-block-heading has-text-align-center mt-3\"><strong>MFC Hitachi- AERA<\/strong><\/h5>\n<\/div>\n\n\n\n<div class=\"wp-block-column is-layout-flow wp-block-column-is-layout-flow\">\n<h5 class=\"wp-block-heading has-text-align-center mt-3\"><strong>MFC Hitachi- SAM<\/strong><\/h5>\n<\/div>\n<\/div>\n\n\n\n<div class=\"wp-block-columns is-layout-flex wp-container-core-columns-is-layout-9d6595d7 wp-block-columns-is-layout-flex\">\n<div class=\"wp-block-column is-layout-flow wp-block-column-is-layout-flow\"><div class=\"wp-block-image\">\n<figure class=\"aligncenter size-full is-resized\"><a href=\"https:\/\/www.fap-gmbh.de\/wp-content\/uploads\/2022\/03\/Aera_7700_English_0328.pdf\"><img loading=\"lazy\" decoding=\"async\" width=\"800\" height=\"532\" src=\"https:\/\/www.fap-gmbh.de\/wp-content\/uploads\/2022\/03\/FC_R7700_S.jpg\" alt=\"AERA_7700\" class=\"wp-image-284\" style=\"width:400px;height:266px\" srcset=\"https:\/\/www.fap-gmbh.de\/wp-content\/uploads\/2022\/03\/FC_R7700_S.jpg 800w, https:\/\/www.fap-gmbh.de\/wp-content\/uploads\/2022\/03\/FC_R7700_S-300x200.jpg 300w, https:\/\/www.fap-gmbh.de\/wp-content\/uploads\/2022\/03\/FC_R7700_S-768x511.jpg 768w, https:\/\/www.fap-gmbh.de\/wp-content\/uploads\/2022\/03\/FC_R7700_S-18x12.jpg 18w\" sizes=\"auto, (max-width: 800px) 100vw, 800px\" \/><\/a><figcaption class=\"wp-element-caption\"><a href=\"https:\/\/www.fap-gmbh.de\/wp-content\/uploads\/2022\/03\/Aera_7700_English_0328.pdf\">DATENBLATT HERUNTERLADEN:<br>Hitachi- AERA FC_R7700_S<\/a><\/figcaption><\/figure>\n<\/div>\n\n<div class=\"wp-block-image\">\n<figure class=\"aligncenter size-full is-resized\"><a href=\"https:\/\/www.fap-gmbh.de\/wp-content\/uploads\/2022\/03\/Aera_7800__English_0328.pdf\"><img loading=\"lazy\" decoding=\"async\" width=\"800\" height=\"532\" src=\"https:\/\/www.fap-gmbh.de\/wp-content\/uploads\/2022\/03\/FC_DNR780C_S.jpg\" alt=\"FC_DNR780C_S\" class=\"wp-image-308\" style=\"width:400px;height:266px\" srcset=\"https:\/\/www.fap-gmbh.de\/wp-content\/uploads\/2022\/03\/FC_DNR780C_S.jpg 800w, https:\/\/www.fap-gmbh.de\/wp-content\/uploads\/2022\/03\/FC_DNR780C_S-300x200.jpg 300w, https:\/\/www.fap-gmbh.de\/wp-content\/uploads\/2022\/03\/FC_DNR780C_S-768x511.jpg 768w, https:\/\/www.fap-gmbh.de\/wp-content\/uploads\/2022\/03\/FC_DNR780C_S-18x12.jpg 18w\" sizes=\"auto, (max-width: 800px) 100vw, 800px\" \/><\/a><figcaption class=\"wp-element-caption\"><a href=\"https:\/\/www.fap-gmbh.de\/wp-content\/uploads\/2022\/03\/Aera_FC-PAR78xx_DN78x_Series__English_0328.pdf\">DATENBLATT HERUNTERLADEN:<br>Hitachi- AERA FC_DNR780C_S<\/a><\/figcaption><\/figure>\n<\/div>\n\n<div class=\"wp-block-image\">\n<figure class=\"aligncenter size-full is-resized\"><a href=\"https:\/\/www.fap-gmbh.de\/wp-content\/uploads\/2022\/03\/Aera_FC-PAR78xx_DN78x_Series__English_0328.pdf\"><img loading=\"lazy\" decoding=\"async\" width=\"800\" height=\"532\" src=\"https:\/\/www.fap-gmbh.de\/wp-content\/uploads\/2022\/03\/FC_PAR780C_S.jpg\" alt=\"FC_PAR780C_S\" class=\"wp-image-309\" style=\"width:400px;height:266px\" srcset=\"https:\/\/www.fap-gmbh.de\/wp-content\/uploads\/2022\/03\/FC_PAR780C_S.jpg 800w, https:\/\/www.fap-gmbh.de\/wp-content\/uploads\/2022\/03\/FC_PAR780C_S-300x200.jpg 300w, https:\/\/www.fap-gmbh.de\/wp-content\/uploads\/2022\/03\/FC_PAR780C_S-768x511.jpg 768w, https:\/\/www.fap-gmbh.de\/wp-content\/uploads\/2022\/03\/FC_PAR780C_S-18x12.jpg 18w\" sizes=\"auto, (max-width: 800px) 100vw, 800px\" \/><\/a><figcaption class=\"wp-element-caption\"><a href=\"https:\/\/www.fap-gmbh.de\/wp-content\/uploads\/2022\/03\/Aera_FC-PAR78xx_DN78x_Series__English_0328.pdf\">DATENBLATT HERUNTERLADEN:<br>Hitachi- AERA FC_PAR780C-S<\/a><\/figcaption><\/figure>\n<\/div>\n\n<div class=\"wp-block-image\">\n<figure class=\"aligncenter size-full is-resized\"><a href=\"https:\/\/www.fap-gmbh.de\/wp-content\/uploads\/2022\/03\/Aera_H100_HG200-Series.pdf\"><img loading=\"lazy\" decoding=\"async\" width=\"388\" height=\"533\" src=\"https:\/\/www.fap-gmbh.de\/wp-content\/uploads\/2022\/03\/AeroHG200_en.jpg\" alt=\"\" class=\"wp-image-310\" style=\"width:291px;height:400px\" srcset=\"https:\/\/www.fap-gmbh.de\/wp-content\/uploads\/2022\/03\/AeroHG200_en.jpg 388w, https:\/\/www.fap-gmbh.de\/wp-content\/uploads\/2022\/03\/AeroHG200_en-218x300.jpg 218w, https:\/\/www.fap-gmbh.de\/wp-content\/uploads\/2022\/03\/AeroHG200_en-9x12.jpg 9w\" sizes=\"auto, (max-width: 388px) 100vw, 388px\" \/><\/a><figcaption class=\"wp-element-caption\"><a href=\"https:\/\/www.fap-gmbh.de\/wp-content\/uploads\/2022\/03\/Aera_H100_HG200-Series.pdf\">DATENBLATT HERUNTERLADEN:<br>Aera HC100 HG200 Series English<\/a><\/figcaption><\/figure>\n<\/div>\n\n<div class=\"wp-block-image\">\n<figure class=\"aligncenter size-full is-resized\"><a href=\"https:\/\/www.fap-gmbh.de\/wp-content\/uploads\/2022\/03\/AeraHC100_en.pdf\"><img loading=\"lazy\" decoding=\"async\" width=\"502\" height=\"572\" src=\"https:\/\/www.fap-gmbh.de\/wp-content\/uploads\/2022\/03\/HC100-Analog.jpg\" alt=\"\" class=\"wp-image-311\" style=\"width:329px;height:400px\" srcset=\"https:\/\/www.fap-gmbh.de\/wp-content\/uploads\/2022\/03\/HC100-Analog.jpg 502w, https:\/\/www.fap-gmbh.de\/wp-content\/uploads\/2022\/03\/HC100-Analog-263x300.jpg 263w, https:\/\/www.fap-gmbh.de\/wp-content\/uploads\/2022\/03\/HC100-Analog-11x12.jpg 11w\" sizes=\"auto, (max-width: 502px) 100vw, 502px\" \/><\/a><figcaption class=\"wp-element-caption\"><a href=\"https:\/\/www.fap-gmbh.de\/wp-content\/uploads\/2022\/03\/AeraHC100_en.pdf\">DATENBLATT HERUNTERLADEN:<br>Aera HC100 Analog<\/a><\/figcaption><\/figure>\n<\/div>\n\n<div class=\"wp-block-image\">\n<figure class=\"aligncenter size-full is-resized\"><a href=\"https:\/\/www.fap-gmbh.de\/wp-content\/uploads\/2022\/03\/FC-PAR780781_HiTemp-MFC.pdf\"><img loading=\"lazy\" decoding=\"async\" width=\"554\" height=\"534\" src=\"https:\/\/www.fap-gmbh.de\/wp-content\/uploads\/2022\/03\/FCPAR780HT.jpg\" alt=\"\" class=\"wp-image-312\" style=\"width:415px;height:400px\" srcset=\"https:\/\/www.fap-gmbh.de\/wp-content\/uploads\/2022\/03\/FCPAR780HT.jpg 554w, https:\/\/www.fap-gmbh.de\/wp-content\/uploads\/2022\/03\/FCPAR780HT-300x289.jpg 300w, https:\/\/www.fap-gmbh.de\/wp-content\/uploads\/2022\/03\/FCPAR780HT-12x12.jpg 12w\" sizes=\"auto, (max-width: 554px) 100vw, 554px\" \/><\/a><figcaption class=\"wp-element-caption\"><a href=\"https:\/\/www.fap-gmbh.de\/wp-content\/uploads\/2022\/03\/FC-PAR780781_HiTemp-MFC.pdf\">DATENBLATT HERUNTERLADEN:<br>FCPAR780HT<\/a><\/figcaption><\/figure>\n<\/div><\/div>\n\n\n\n<div class=\"wp-block-column is-layout-flow wp-block-column-is-layout-flow\"><div class=\"wp-block-image\">\n<figure class=\"aligncenter size-full is-resized\"><a href=\"https:\/\/www.fap-gmbh.de\/wp-content\/uploads\/2022\/03\/Hitachi-SAM-1480-Fx-2480-Fx.pdf\"><img loading=\"lazy\" decoding=\"async\" width=\"379\" height=\"478\" src=\"https:\/\/www.fap-gmbh.de\/wp-content\/uploads\/2022\/03\/Hitachi-SAM-1480-FX-2480-FX.jpg\" alt=\"\" class=\"wp-image-305\" style=\"width:284px;height:359px\" srcset=\"https:\/\/www.fap-gmbh.de\/wp-content\/uploads\/2022\/03\/Hitachi-SAM-1480-FX-2480-FX.jpg 379w, https:\/\/www.fap-gmbh.de\/wp-content\/uploads\/2022\/03\/Hitachi-SAM-1480-FX-2480-FX-238x300.jpg 238w, https:\/\/www.fap-gmbh.de\/wp-content\/uploads\/2022\/03\/Hitachi-SAM-1480-FX-2480-FX-10x12.jpg 10w\" sizes=\"auto, (max-width: 379px) 100vw, 379px\" \/><\/a><figcaption class=\"wp-element-caption\"><a href=\"https:\/\/www.fap-gmbh.de\/wp-content\/uploads\/2022\/03\/Hitachi-SAM-1480-Fx-2480-Fx.pdf\">DATENBLATT HERUNTERLADEN:<br>Hitachi SAM 1480 Fx 2480 Fx<\/a><\/figcaption><\/figure>\n<\/div>\n\n<div class=\"wp-block-image\">\n<figure class=\"aligncenter size-full is-resized\"><a href=\"https:\/\/www.fap-gmbh.de\/wp-content\/uploads\/2022\/03\/Hitachi-SAM-1480-G-2480-G.pdf\"><img loading=\"lazy\" decoding=\"async\" width=\"391\" height=\"452\" src=\"https:\/\/www.fap-gmbh.de\/wp-content\/uploads\/2022\/03\/Hitachi-SAM-1480-G.jpg\" alt=\"\" class=\"wp-image-306\" style=\"width:289px;height:335px\" srcset=\"https:\/\/www.fap-gmbh.de\/wp-content\/uploads\/2022\/03\/Hitachi-SAM-1480-G.jpg 391w, https:\/\/www.fap-gmbh.de\/wp-content\/uploads\/2022\/03\/Hitachi-SAM-1480-G-260x300.jpg 260w, https:\/\/www.fap-gmbh.de\/wp-content\/uploads\/2022\/03\/Hitachi-SAM-1480-G-10x12.jpg 10w\" sizes=\"auto, (max-width: 391px) 100vw, 391px\" \/><\/a><figcaption class=\"wp-element-caption\"><a href=\"https:\/\/www.fap-gmbh.de\/wp-content\/uploads\/2022\/03\/Hitachi-SAM-1480-G-2480-G.pdf\">DATENBLATT HERUNTERLADEN:<br>Hitachi SAM 1480 G 2480 G<\/a><\/figcaption><\/figure>\n<\/div>\n\n<div class=\"wp-block-image\">\n<figure class=\"aligncenter size-full\"><a href=\"https:\/\/www.fap-gmbh.de\/wp-content\/uploads\/2022\/03\/Hitachi-SAM-1480F.pdf\"><img loading=\"lazy\" decoding=\"async\" width=\"271\" height=\"270\" src=\"https:\/\/www.fap-gmbh.de\/wp-content\/uploads\/2022\/03\/Hitachi-SAM-1480F.jpg\" alt=\"\" class=\"wp-image-304\" srcset=\"https:\/\/www.fap-gmbh.de\/wp-content\/uploads\/2022\/03\/Hitachi-SAM-1480F.jpg 271w, https:\/\/www.fap-gmbh.de\/wp-content\/uploads\/2022\/03\/Hitachi-SAM-1480F-150x150.jpg 150w, https:\/\/www.fap-gmbh.de\/wp-content\/uploads\/2022\/03\/Hitachi-SAM-1480F-12x12.jpg 12w\" sizes=\"auto, (max-width: 271px) 100vw, 271px\" \/><\/a><figcaption class=\"wp-element-caption\"><a href=\"https:\/\/www.fap-gmbh.de\/wp-content\/uploads\/2022\/03\/Hitachi-SAM-1480F.pdf\">DATENBLATT HERUNTERLADEN:<br>Hitachi SAM 1480 F<\/a><\/figcaption><\/figure>\n<\/div>\n\n<div class=\"wp-block-image\">\n<figure class=\"aligncenter size-full is-resized\"><a href=\"https:\/\/www.fap-gmbh.de\/wp-content\/uploads\/2022\/03\/Hitachi-SAM-PS100.pdf\"><img loading=\"lazy\" decoding=\"async\" width=\"380\" height=\"433\" src=\"https:\/\/www.fap-gmbh.de\/wp-content\/uploads\/2022\/03\/Hitachi-SAM-PS100.jpg\" alt=\"\" class=\"wp-image-307\" style=\"width:285px;height:325px\" srcset=\"https:\/\/www.fap-gmbh.de\/wp-content\/uploads\/2022\/03\/Hitachi-SAM-PS100.jpg 380w, https:\/\/www.fap-gmbh.de\/wp-content\/uploads\/2022\/03\/Hitachi-SAM-PS100-263x300.jpg 263w, https:\/\/www.fap-gmbh.de\/wp-content\/uploads\/2022\/03\/Hitachi-SAM-PS100-11x12.jpg 11w\" sizes=\"auto, (max-width: 380px) 100vw, 380px\" \/><\/a><figcaption class=\"wp-element-caption\"><a href=\"https:\/\/www.fap-gmbh.de\/wp-content\/uploads\/2022\/03\/Hitachi-SAM-PS100.pdf\">DATENBLATT HERUNTERLADEN:<br>Hitachi SAM PS100<\/a><\/figcaption><\/figure>\n<\/div><\/div>\n<\/div>\n\n\n\n<h3 class=\"wp-block-heading mt-10\"><strong>Verdampfersysteme<\/strong><\/h3>\n\n\n\n<div class=\"wp-block-columns is-layout-flex wp-container-core-columns-is-layout-9d6595d7 wp-block-columns-is-layout-flex\">\n<div class=\"wp-block-column is-layout-flow wp-block-column-is-layout-flow\" style=\"flex-basis:66.66%\">\n<figure class=\"wp-block-table verdampfersysteme mt-3 mb-5\"><table class=\"has-fixed-layout\"><thead><tr><th>MODEL<\/th><th>AS103-A<\/th><th>AS103-B<\/th><th>AS92F<\/th><\/tr><\/thead><tbody><tr><td>Precursoren<\/td><td>TEOS (400sccm max.) 3DMAS (500sccm max.) HCD (500sccm max.) TICL4 (500sccm max.) TMA Al(CH3)3<\/td><td>BTBAS &nbsp;(400sccm max)<\/td><td>TEOS (1.6SLM max)<br>SiCl4 (1.0 SLM<br>max)<\/td><\/tr><\/tbody><\/table><figcaption class=\"wp-element-caption\">Weitere Systeme sind auf Anfrage verf\u00fcgbar.<\/figcaption><\/figure>\n<\/div>\n\n\n\n<div class=\"wp-block-column is-layout-flow wp-block-column-is-layout-flow\" style=\"flex-basis:33.33%\"><div\n    \tclass=\"free align wp-block-csb-content-slider-block\"    id='csbContentSlider-1' \n    data-attributes='{&quot;slides&quot;:[{&quot;background&quot;:{&quot;color&quot;:&quot;#00000080&quot;,&quot;type&quot;:&quot;image&quot;,&quot;gradient&quot;:&quot;linear-gradient(135deg, #4527a4, #8344c5)&quot;,&quot;image&quot;:{&quot;id&quot;:228,&quot;url&quot;:&quot;https:\\\/\\\/www.fap-gmbh.de\\\/wp-content\\\/uploads\\\/2022\\\/02\\\/image-3.png&quot;,&quot;alt&quot;:&quot;&quot;,&quot;title&quot;:&quot;image-3&quot;},&quot;position&quot;:&quot;center center&quot;,&quot;attachment&quot;:&quot;initial&quot;,&quot;repeat&quot;:&quot;no-repeat&quot;,&quot;size&quot;:&quot;contain&quot;,&quot;overlayColor&quot;:&quot;rgba(0, 0, 0, 0)&quot;,&quot;styles&quot;:&quot;background-image: url(https:\\\/\\\/www.fap-gmbh.de\\\/wp-content\\\/uploads\\\/2022\\\/02\\\/image-3.png); background-position: center center; background-size: contain; background-repeat: no-repeat; background-color: rgba(0, 0, 0, 0); background-blend-mode: overlay;&quot;},&quot;position&quot;:&quot;center center&quot;,&quot;childPositions&quot;:[{&quot;top&quot;:47.125,&quot;right&quot;:30.483271375464685348788407281972467899322509765625,&quot;bottom&quot;:52.875,&quot;left&quot;:30.483271375464685348788407281972467899322509765625}],&quot;title&quot;:&quot;&quot;,&quot;titleColor&quot;:&quot;#fff&quot;,&quot;description&quot;:&quot;System AS103&quot;,&quot;descColor&quot;:&quot;#fff&quot;,&quot;btnText&quot;:&quot;&quot;,&quot;btnLink&quot;:&quot;&quot;,&quot;btnColors&quot;:{&quot;color&quot;:&quot;#fff&quot;,&quot;bg&quot;:&quot;#4527a4&quot;,&quot;bgType&quot;:&quot;solid&quot;,&quot;gradient&quot;:&quot;linear-gradient(135deg, #4527a4, #8344c5)&quot;,&quot;styles&quot;:&quot;color: #fff; background: #4527a4;&quot;},&quot;btnHovColors&quot;:{&quot;color&quot;:&quot;#fff&quot;,&quot;bg&quot;:&quot;#8344c5&quot;,&quot;bgType&quot;:&quot;solid&quot;,&quot;gradient&quot;:&quot;linear-gradient(135deg, #4527a4, #8344c5)&quot;,&quot;styles&quot;:&quot;color: #fff; background: #8344c5;&quot;}},{&quot;background&quot;:{&quot;color&quot;:&quot;#00000080&quot;,&quot;type&quot;:&quot;image&quot;,&quot;gradient&quot;:&quot;linear-gradient(135deg, #4527a4, #8344c5)&quot;,&quot;image&quot;:{&quot;id&quot;:229,&quot;url&quot;:&quot;https:\\\/\\\/www.fap-gmbh.de\\\/wp-content\\\/uploads\\\/2022\\\/02\\\/image-4.png&quot;,&quot;alt&quot;:&quot;&quot;,&quot;title&quot;:&quot;image-4&quot;},&quot;position&quot;:&quot;center center&quot;,&quot;attachment&quot;:&quot;initial&quot;,&quot;repeat&quot;:&quot;no-repeat&quot;,&quot;size&quot;:&quot;contain&quot;,&quot;overlayColor&quot;:&quot;rgba(0, 0, 0, 0)&quot;,&quot;styles&quot;:&quot;background-image: url(https:\\\/\\\/www.fap-gmbh.de\\\/wp-content\\\/uploads\\\/2022\\\/02\\\/image-4.png); background-position: center center; background-size: contain; background-repeat: no-repeat; background-color: rgba(0, 0, 0, 0); background-blend-mode: overlay;&quot;},&quot;position&quot;:&quot;center center&quot;,&quot;childPositions&quot;:[{&quot;top&quot;:47.125,&quot;right&quot;:30.483271375464685348788407281972467899322509765625,&quot;bottom&quot;:52.875,&quot;left&quot;:30.483271375464685348788407281972467899322509765625}],&quot;title&quot;:&quot;&quot;,&quot;titleColor&quot;:&quot;#fff&quot;,&quot;description&quot;:&quot;System AS92F&quot;,&quot;descColor&quot;:&quot;#ffffff&quot;,&quot;btnText&quot;:&quot;&quot;,&quot;btnLink&quot;:&quot;&quot;,&quot;btnColors&quot;:{&quot;color&quot;:&quot;#fff&quot;,&quot;bg&quot;:&quot;#4527a4&quot;,&quot;bgType&quot;:&quot;solid&quot;,&quot;gradient&quot;:&quot;linear-gradient(135deg, #4527a4, #8344c5)&quot;,&quot;styles&quot;:&quot;color: #fff; background: #4527a4;&quot;},&quot;btnHovColors&quot;:{&quot;color&quot;:&quot;#fff&quot;,&quot;bg&quot;:&quot;#8344c5&quot;,&quot;bgType&quot;:&quot;solid&quot;,&quot;gradient&quot;:&quot;linear-gradient(135deg, #4527a4, #8344c5)&quot;,&quot;styles&quot;:&quot;color: #fff; background: #8344c5;&quot;}}],&quot;sliderWidth&quot;:&quot;97%&quot;,&quot;speed&quot;:5,&quot;isPrevNext&quot;:false,&quot;pageWidth&quot;:&quot;10px&quot;,&quot;pageHeight&quot;:&quot;10px&quot;,&quot;pageBorder&quot;:{&quot;radius&quot;:&quot;50%&quot;,&quot;width&quot;:&quot;0px&quot;,&quot;style&quot;:&quot;solid&quot;,&quot;color&quot;:&quot;#0000&quot;,&quot;side&quot;:&quot;all&quot;,&quot;styles&quot;:&quot;border-radius: 50%;&quot;},&quot;prevNextColor&quot;:&quot;rgba(255, 255, 255, 0)&quot;,&quot;isTitle&quot;:false,&quot;titleTypo&quot;:{&quot;fontSize&quot;:25,&quot;styles&quot;:&quot;font-size: 25px; line-height: 135%;&quot;,&quot;googleFontLink&quot;:&quot;https:\\\/\\\/fonts.googleapis.com\\\/css2?family=Open+Sans&amp;display=swap&quot;},&quot;descTypo&quot;:{&quot;fontSize&quot;:17,&quot;styles&quot;:&quot;font-size: 17px; line-height: 135%;&quot;,&quot;googleFontLink&quot;:&quot;https:\\\/\\\/fonts.googleapis.com\\\/css2?family=Open+Sans&amp;display=swap&quot;},&quot;btnTypo&quot;:{&quot;fontSize&quot;:16,&quot;styles&quot;:&quot;font-size: 16px; line-height: 135%;&quot;,&quot;googleFontLink&quot;:&quot;https:\\\/\\\/fonts.googleapis.com\\\/css2?family=Open+Sans&amp;display=swap&quot;},&quot;btnPadding&quot;:{&quot;vertical&quot;:&quot;12px&quot;,&quot;horizontal&quot;:&quot;35px&quot;,&quot;side&quot;:2,&quot;top&quot;:&quot;0px&quot;,&quot;right&quot;:&quot;0px&quot;,&quot;bottom&quot;:&quot;0px&quot;,&quot;left&quot;:&quot;0px&quot;,&quot;styles&quot;:&quot;12px 35px&quot;},&quot;btnBorder&quot;:{&quot;radius&quot;:&quot;3px&quot;,&quot;width&quot;:&quot;0px&quot;,&quot;style&quot;:&quot;solid&quot;,&quot;color&quot;:&quot;#0000&quot;,&quot;side&quot;:&quot;all&quot;,&quot;styles&quot;:&quot;border-radius: 3px;&quot;},&quot;align&quot;:&quot;&quot;,&quot;columns&quot;:{&quot;desktop&quot;:1,&quot;tablet&quot;:1,&quot;mobile&quot;:1},&quot;columnGap&quot;:15,&quot;sliderHeight&quot;:&quot;400px&quot;,&quot;sliderAlign&quot;:&quot;center&quot;,&quot;isLoop&quot;:true,&quot;isTouchMove&quot;:true,&quot;isAutoplay&quot;:true,&quot;autoplayOptions&quot;:{&quot;delay&quot;:1.5,&quot;disableOnInteraction&quot;:false,&quot;reverseDirection&quot;:false,&quot;pauseOnMouseEnter&quot;:false,&quot;stopOnLastSlide&quot;:false},&quot;freeModeOptions&quot;:{&quot;enabled&quot;:false,&quot;sticky&quot;:false},&quot;effect&quot;:&quot;slide&quot;,&quot;keyboardOptions&quot;:{&quot;enabled&quot;:false},&quot;isMousewheel&quot;:false,&quot;isPage&quot;:true,&quot;pageOnDevice&quot;:{&quot;tablet&quot;:true,&quot;mobile&quot;:true},&quot;isPageClickable&quot;:true,&quot;isPageDynamic&quot;:true,&quot;prevNextOnDevice&quot;:{&quot;tablet&quot;:true,&quot;mobile&quot;:true},&quot;sliderBG&quot;:{&quot;color&quot;:&quot;#0000&quot;},&quot;sliderPadding&quot;:{&quot;vertical&quot;:&quot;0px&quot;,&quot;horizontal&quot;:&quot;0px&quot;},&quot;pageColor&quot;:&quot;#fff&quot;,&quot;isDesc&quot;:true,&quot;descColor&quot;:&quot;&quot;,&quot;isBtn&quot;:true,&quot;linkTarget&quot;:&quot;_blank&quot;,&quot;TrpContentRestriction&quot;:{&quot;restriction_type&quot;:&quot;exclude&quot;,&quot;selected_languages&quot;:[],&quot;panel_open&quot;:true}}'\n><\/div><\/div>\n<\/div>\n\n\n\n<h3 class=\"wp-block-heading mt-10\">weitere Informationen zu Hitachi Gasflu\u00df-Produkten<\/h3>\n\n\n\n<p><a href=\"https:\/\/www.hitachi-metals.co.jp\/e\/products\/infr\/ie\/p05_08.html\" rel=\"nofollow noopener\" target=\"_blank\">https:\/\/www.fineflowservice.com<\/a><\/p>\n\n\n\n<p><a href=\"https:\/\/www.hitachi-metals.co.jp\/e\/products\/infr\/ie\/p05_08.html\" rel=\"nofollow noopener\" target=\"_blank\">https:\/\/www.kuwana-metals.com\/e<\/a><\/p>\n\n\n\n<p><a href=\"https:\/\/www.hitachimetals.com\/materials-products\/mfc-flow-products.php\" rel=\"nofollow noopener\" target=\"_blank\">https:\/\/www.okaya.co.jp\/en\/<\/a><\/p>\n","protected":false},"excerpt":{"rendered":"<p>F\u00fcr Beschichtungs-, \u00c4tz-, und diversen D\u00fcnnschichtanlagen in der Halbleiterindustrie, der Sensor-, Display- und Solarfertigung sowie der chemischen Industrie und der Forschung und Entwicklung bieten wir verschiedene Komponenten und Services der Gas- und Reinstgastechnik an. Produkte der Fa. Proterial und Marken Hitachi\/AERA (andere Typen auf Anfrage) Spezifikationen\/Datenbl\u00e4tter MFC MFC Hitachi- AERA MFC Hitachi- SAM Verdampfersysteme MODEL [&hellip;]<\/p>\n","protected":false},"author":5,"featured_media":454,"parent":85,"menu_order":2,"comment_status":"closed","ping_status":"closed","template":"","meta":{"_acf_changed":false,"_eb_attr":"","inline_featured_image":false,"footnotes":""},"class_list":["post-224","page","type-page","status-publish","has-post-thumbnail","hentry"],"acf":[],"_links":{"self":[{"href":"https:\/\/www.fap-gmbh.de\/en\/wp-json\/wp\/v2\/pages\/224","targetHints":{"allow":["GET"]}}],"collection":[{"href":"https:\/\/www.fap-gmbh.de\/en\/wp-json\/wp\/v2\/pages"}],"about":[{"href":"https:\/\/www.fap-gmbh.de\/en\/wp-json\/wp\/v2\/types\/page"}],"author":[{"embeddable":true,"href":"https:\/\/www.fap-gmbh.de\/en\/wp-json\/wp\/v2\/users\/5"}],"replies":[{"embeddable":true,"href":"https:\/\/www.fap-gmbh.de\/en\/wp-json\/wp\/v2\/comments?post=224"}],"version-history":[{"count":67,"href":"https:\/\/www.fap-gmbh.de\/en\/wp-json\/wp\/v2\/pages\/224\/revisions"}],"predecessor-version":[{"id":576,"href":"https:\/\/www.fap-gmbh.de\/en\/wp-json\/wp\/v2\/pages\/224\/revisions\/576"}],"up":[{"embeddable":true,"href":"https:\/\/www.fap-gmbh.de\/en\/wp-json\/wp\/v2\/pages\/85"}],"wp:featuredmedia":[{"embeddable":true,"href":"https:\/\/www.fap-gmbh.de\/en\/wp-json\/wp\/v2\/media\/454"}],"wp:attachment":[{"href":"https:\/\/www.fap-gmbh.de\/en\/wp-json\/wp\/v2\/media?parent=224"}],"curies":[{"name":"wp","href":"https:\/\/api.w.org\/{rel}","templated":true}]}}