{"id":225,"date":"2022-02-24T10:41:15","date_gmt":"2022-02-24T10:41:15","guid":{"rendered":"https:\/\/www.fap-gmbh.de\/?page_id=225"},"modified":"2025-09-09T13:41:43","modified_gmt":"2025-09-09T13:41:43","slug":"sonderanlagenbau-lohnbeschichtung","status":"publish","type":"page","link":"https:\/\/www.fap-gmbh.de\/en\/leistungen\/sonderanlagenbau-lohnbeschichtung\/","title":{"rendered":"Sonderanlagenbau &#038; Lohnbeschichtung"},"content":{"rendered":"\n<h3 class=\"wp-block-heading\"><strong>Plasma- und Anlagenkomponenten<\/strong> &#8211; <strong>Produkte<\/strong><\/h3>\n\n\n\n<ul class=\"wp-block-list\">\n<li>CVD\/ PECVD- Anlagen, Komponenten und Upgrades<\/li>\n\n\n\n<li>Plasma\u00e4tz- Anlagen, Komponenten und Upgrades<\/li>\n\n\n\n<li>Elektrodensysteme f\u00fcr die PECVD\/ ALD\/ALE, Plasma\u00e4tzen<\/li>\n\n\n\n<li>Technologieentwicklung<\/li>\n\n\n\n<li>Planung von Gassteuersystemen\/ Verdampfersystemen<\/li>\n<\/ul>\n\n\n\n<h3 class=\"wp-block-heading mt-10\"><strong>Bilder<\/strong><\/h3>\n\n\n<div\n    \tclass=\"free align wp-block-csb-content-slider-block\"    id='csbContentSlider-1' \n    data-attributes='{&quot;slides&quot;:[{&quot;background&quot;:{&quot;color&quot;:&quot;#00000080&quot;,&quot;type&quot;:&quot;image&quot;,&quot;gradient&quot;:&quot;linear-gradient(135deg, #4527a4, #8344c5)&quot;,&quot;image&quot;:{&quot;id&quot;:401,&quot;url&quot;:&quot;https:\\\/\\\/www.fap-gmbh.de\\\/wp-content\\\/uploads\\\/2022\\\/03\\\/CS-400-PS-2050-d.jpg&quot;,&quot;alt&quot;:&quot;&quot;,&quot;title&quot;:&quot;CS 400 PS 2050-d&quot;},&quot;position&quot;:&quot;center center&quot;,&quot;attachment&quot;:&quot;initial&quot;,&quot;repeat&quot;:&quot;no-repeat&quot;,&quot;size&quot;:&quot;cover&quot;,&quot;overlayColor&quot;:&quot;rgba(0, 0, 0, 0)&quot;,&quot;styles&quot;:&quot;background-image: url(https:\\\/\\\/www.fap-gmbh.de\\\/wp-content\\\/uploads\\\/2022\\\/03\\\/CS-400-PS-2050-d.jpg); background-position: center center; background-size: contain; background-repeat: no-repeat; background-color: rgba(0, 0, 0, 0); background-blend-mode: overlay;&quot;},&quot;position&quot;:&quot;bottom center&quot;,&quot;childPositions&quot;:[{&quot;top&quot;:86.5,&quot;right&quot;:16.4285714285714306015506736002862453460693359375,&quot;bottom&quot;:11,&quot;left&quot;:16.4285714285714306015506736002862453460693359375}],&quot;title&quot;:&quot;&quot;,&quot;titleColor&quot;:&quot;#fff&quot;,&quot;description&quot;:&quot;Plasma CVD- Anlage f\\u00fcr Hochtemperatur Silizium- Abscheidung&quot;,&quot;descColor&quot;:&quot;#ffffff&quot;,&quot;btnText&quot;:&quot;&quot;,&quot;btnLink&quot;:&quot;&quot;,&quot;btnColors&quot;:{&quot;color&quot;:&quot;#fff&quot;,&quot;bg&quot;:&quot;#4527a4&quot;,&quot;bgType&quot;:&quot;solid&quot;,&quot;gradient&quot;:&quot;linear-gradient(135deg, #4527a4, #8344c5)&quot;,&quot;styles&quot;:&quot;color: #fff; background: #4527a4;&quot;},&quot;btnHovColors&quot;:{&quot;color&quot;:&quot;#fff&quot;,&quot;bg&quot;:&quot;#8344c5&quot;,&quot;bgType&quot;:&quot;solid&quot;,&quot;gradient&quot;:&quot;linear-gradient(135deg, #4527a4, #8344c5)&quot;,&quot;styles&quot;:&quot;color: #fff; background: #8344c5;&quot;}},{&quot;background&quot;:{&quot;color&quot;:&quot;#00000080&quot;,&quot;type&quot;:&quot;image&quot;,&quot;gradient&quot;:&quot;linear-gradient(135deg, #4527a4, #8344c5)&quot;,&quot;image&quot;:{&quot;id&quot;:400,&quot;url&quot;:&quot;https:\\\/\\\/www.fap-gmbh.de\\\/wp-content\\\/uploads\\\/2022\\\/03\\\/ALD_CCP_Elektrode.jpg&quot;,&quot;alt&quot;:&quot;&quot;,&quot;title&quot;:&quot;ALD_CCP_Elektrode&quot;},&quot;position&quot;:&quot;center center&quot;,&quot;attachment&quot;:&quot;initial&quot;,&quot;repeat&quot;:&quot;no-repeat&quot;,&quot;size&quot;:&quot;cover&quot;,&quot;overlayColor&quot;:&quot;rgba(0, 0, 0, 0)&quot;,&quot;styles&quot;:&quot;background-image: url(https:\\\/\\\/www.fap-gmbh.de\\\/wp-content\\\/uploads\\\/2022\\\/03\\\/ALD_CCP_Elektrode.jpg); background-position: center center; background-size: contain; background-repeat: no-repeat; background-color: rgba(0, 0, 0, 0); background-blend-mode: overlay;&quot;},&quot;position&quot;:&quot;bottom center&quot;,&quot;childPositions&quot;:[{&quot;top&quot;:86.5,&quot;right&quot;:23.015873015873015816623592399992048740386962890625,&quot;bottom&quot;:11,&quot;left&quot;:23.015873015873015816623592399992048740386962890625}],&quot;title&quot;:&quot;&quot;,&quot;titleColor&quot;:&quot;#fff&quot;,&quot;description&quot;:&quot;Upgrade einer ALD- Plasmaelektrode f\\u00fcr die PEALD&quot;,&quot;descColor&quot;:&quot;#fff&quot;,&quot;btnText&quot;:&quot;&quot;,&quot;btnLink&quot;:&quot;&quot;,&quot;btnColors&quot;:{&quot;color&quot;:&quot;#fff&quot;,&quot;bg&quot;:&quot;#4527a4&quot;,&quot;bgType&quot;:&quot;solid&quot;,&quot;gradient&quot;:&quot;linear-gradient(135deg, #4527a4, #8344c5)&quot;,&quot;styles&quot;:&quot;color: #fff; background: #4527a4;&quot;},&quot;btnHovColors&quot;:{&quot;color&quot;:&quot;#fff&quot;,&quot;bg&quot;:&quot;#8344c5&quot;,&quot;bgType&quot;:&quot;solid&quot;,&quot;gradient&quot;:&quot;linear-gradient(135deg, #4527a4, #8344c5)&quot;,&quot;styles&quot;:&quot;color: #fff; background: #8344c5;&quot;}},{&quot;background&quot;:{&quot;color&quot;:&quot;#00000080&quot;,&quot;type&quot;:&quot;image&quot;,&quot;gradient&quot;:&quot;linear-gradient(135deg, #4527a4, #8344c5)&quot;,&quot;image&quot;:{&quot;id&quot;:402,&quot;url&quot;:&quot;https:\\\/\\\/www.fap-gmbh.de\\\/wp-content\\\/uploads\\\/2022\\\/03\\\/HCLQ_750.jpg&quot;,&quot;alt&quot;:&quot;&quot;,&quot;title&quot;:&quot;HCLQ_750&quot;},&quot;position&quot;:&quot;center center&quot;,&quot;attachment&quot;:&quot;initial&quot;,&quot;repeat&quot;:&quot;no-repeat&quot;,&quot;size&quot;:&quot;cover&quot;,&quot;overlayColor&quot;:&quot;rgba(0, 0, 0, 0)&quot;,&quot;styles&quot;:&quot;background-image: url(https:\\\/\\\/www.fap-gmbh.de\\\/wp-content\\\/uploads\\\/2022\\\/03\\\/HCLQ_750.jpg); background-position: center center; background-size: contain; background-repeat: no-repeat; background-color: rgba(0, 0, 0, 0); background-blend-mode: overlay;&quot;},&quot;position&quot;:&quot;bottom center&quot;,&quot;childPositions&quot;:[{&quot;top&quot;:86.5,&quot;right&quot;:25.238095238095237249353885999880731105804443359375,&quot;bottom&quot;:11,&quot;left&quot;:25.238095238095237249353885999880731105804443359375}],&quot;title&quot;:&quot;&quot;,&quot;titleColor&quot;:&quot;#fff&quot;,&quot;description&quot;:&quot;Plasma- Linienquelle mit Hohlkathodenstruktur&quot;,&quot;descColor&quot;:&quot;#ffffff&quot;,&quot;btnText&quot;:&quot;&quot;,&quot;btnLink&quot;:&quot;&quot;,&quot;btnColors&quot;:{&quot;color&quot;:&quot;#fff&quot;,&quot;bg&quot;:&quot;#4527a4&quot;,&quot;bgType&quot;:&quot;solid&quot;,&quot;gradient&quot;:&quot;linear-gradient(135deg, #4527a4, #8344c5)&quot;,&quot;styles&quot;:&quot;color: #fff; background: #4527a4;&quot;},&quot;btnHovColors&quot;:{&quot;color&quot;:&quot;#fff&quot;,&quot;bg&quot;:&quot;#8344c5&quot;,&quot;bgType&quot;:&quot;solid&quot;,&quot;gradient&quot;:&quot;linear-gradient(135deg, #4527a4, #8344c5)&quot;,&quot;styles&quot;:&quot;color: #fff; background: #8344c5;&quot;}},{&quot;background&quot;:{&quot;color&quot;:&quot;#00000080&quot;,&quot;type&quot;:&quot;image&quot;,&quot;gradient&quot;:&quot;linear-gradient(135deg, #4527a4, #8344c5)&quot;,&quot;image&quot;:{&quot;id&quot;:446,&quot;url&quot;:&quot;https:\\\/\\\/www.fap-gmbh.de\\\/wp-content\\\/uploads\\\/2022\\\/03\\\/P352LL_1.jpg&quot;,&quot;alt&quot;:&quot;&quot;,&quot;title&quot;:&quot;P352LL_1&quot;},&quot;position&quot;:&quot;center center&quot;,&quot;attachment&quot;:&quot;initial&quot;,&quot;repeat&quot;:&quot;no-repeat&quot;,&quot;size&quot;:&quot;cover&quot;,&quot;overlayColor&quot;:&quot;rgba(0, 0, 0, 0)&quot;,&quot;styles&quot;:&quot;background-image: url(https:\\\/\\\/www.fap-gmbh.de\\\/wp-content\\\/uploads\\\/2022\\\/03\\\/P352LL_1.jpg); background-position: center center; background-size: contain; background-repeat: no-repeat; background-color: rgba(0, 0, 0, 0); background-blend-mode: overlay;&quot;},&quot;position&quot;:&quot;bottom center&quot;,&quot;childPositions&quot;:[{&quot;top&quot;:86.5,&quot;right&quot;:0.0793650793650755304042831994593143463134765625,&quot;bottom&quot;:11,&quot;left&quot;:0.0793650793650755304042831994593143463134765625}],&quot;title&quot;:&quot;&quot;,&quot;titleColor&quot;:&quot;#fff&quot;,&quot;description&quot;:&quot;Zweikammer Anlage f\\u00fcr die Kombination\\nPECVD\\\/ CVD- Hochtemperatur (1200\\u00b0C) Abscheidung&quot;,&quot;descColor&quot;:&quot;#fff&quot;,&quot;btnText&quot;:&quot;&quot;,&quot;btnLink&quot;:&quot;&quot;,&quot;btnColors&quot;:{&quot;color&quot;:&quot;#fff&quot;,&quot;bg&quot;:&quot;#4527a4&quot;,&quot;bgType&quot;:&quot;solid&quot;,&quot;gradient&quot;:&quot;linear-gradient(135deg, #4527a4, #8344c5)&quot;,&quot;styles&quot;:&quot;color: #fff; background: #4527a4;&quot;},&quot;btnHovColors&quot;:{&quot;color&quot;:&quot;#fff&quot;,&quot;bg&quot;:&quot;#8344c5&quot;,&quot;bgType&quot;:&quot;solid&quot;,&quot;gradient&quot;:&quot;linear-gradient(135deg, #4527a4, #8344c5)&quot;,&quot;styles&quot;:&quot;color: #fff; background: #8344c5;&quot;}},{&quot;background&quot;:{&quot;color&quot;:&quot;#00000080&quot;,&quot;type&quot;:&quot;image&quot;,&quot;gradient&quot;:&quot;linear-gradient(135deg, #4527a4, #8344c5)&quot;,&quot;image&quot;:{&quot;id&quot;:403,&quot;url&quot;:&quot;https:\\\/\\\/www.fap-gmbh.de\\\/wp-content\\\/uploads\\\/2022\\\/03\\\/HW50LL.jpg&quot;,&quot;alt&quot;:&quot;&quot;,&quot;title&quot;:&quot;HW50LL&quot;},&quot;position&quot;:&quot;center center&quot;,&quot;attachment&quot;:&quot;initial&quot;,&quot;repeat&quot;:&quot;no-repeat&quot;,&quot;size&quot;:&quot;cover&quot;,&quot;overlayColor&quot;:&quot;rgba(0, 0, 0, 0)&quot;,&quot;styles&quot;:&quot;background-image: url(https:\\\/\\\/www.fap-gmbh.de\\\/wp-content\\\/uploads\\\/2022\\\/03\\\/HW50LL.jpg); background-position: center center; background-size: contain; background-repeat: no-repeat; background-color: rgba(0, 0, 0, 0); background-blend-mode: overlay;&quot;},&quot;position&quot;:&quot;bottom center&quot;,&quot;childPositions&quot;:[{&quot;top&quot;:86.5,&quot;right&quot;:25.5555555555555571345394128002226352691650390625,&quot;bottom&quot;:11,&quot;left&quot;:25.5555555555555571345394128002226352691650390625}],&quot;title&quot;:&quot;&quot;,&quot;titleColor&quot;:&quot;#fff&quot;,&quot;description&quot;:&quot;Hot Wire CVD Kammer f\\u00fcr Siliziumlegierungen&quot;,&quot;descColor&quot;:&quot;#fff&quot;,&quot;btnText&quot;:&quot;&quot;,&quot;btnLink&quot;:&quot;&quot;,&quot;btnColors&quot;:{&quot;color&quot;:&quot;#fff&quot;,&quot;bg&quot;:&quot;#4527a4&quot;,&quot;bgType&quot;:&quot;solid&quot;,&quot;gradient&quot;:&quot;linear-gradient(135deg, #4527a4, #8344c5)&quot;,&quot;styles&quot;:&quot;color: #fff; background: #4527a4;&quot;},&quot;btnHovColors&quot;:{&quot;color&quot;:&quot;#fff&quot;,&quot;bg&quot;:&quot;#8344c5&quot;,&quot;bgType&quot;:&quot;solid&quot;,&quot;gradient&quot;:&quot;linear-gradient(135deg, #4527a4, #8344c5)&quot;,&quot;styles&quot;:&quot;color: #fff; background: #8344c5;&quot;}},{&quot;background&quot;:{&quot;color&quot;:&quot;#00000080&quot;,&quot;type&quot;:&quot;image&quot;,&quot;gradient&quot;:&quot;linear-gradient(135deg, #4527a4, #8344c5)&quot;,&quot;image&quot;:{&quot;id&quot;:404,&quot;url&quot;:&quot;https:\\\/\\\/www.fap-gmbh.de\\\/wp-content\\\/uploads\\\/2022\\\/03\\\/P100LL.jpg&quot;,&quot;alt&quot;:&quot;&quot;,&quot;title&quot;:&quot;P100LL&quot;},&quot;position&quot;:&quot;center center&quot;,&quot;attachment&quot;:&quot;initial&quot;,&quot;repeat&quot;:&quot;no-repeat&quot;,&quot;size&quot;:&quot;cover&quot;,&quot;overlayColor&quot;:&quot;rgba(0, 0, 0, 0)&quot;,&quot;styles&quot;:&quot;background-image: url(https:\\\/\\\/www.fap-gmbh.de\\\/wp-content\\\/uploads\\\/2022\\\/03\\\/P100LL.jpg); background-position: center center; background-size: contain; background-repeat: no-repeat; background-color: rgba(0, 0, 0, 0); background-blend-mode: overlay;&quot;},&quot;position&quot;:&quot;bottom center&quot;,&quot;childPositions&quot;:[{&quot;top&quot;:86.5,&quot;right&quot;:46.26984126984127243531474960036575794219970703125,&quot;bottom&quot;:11,&quot;left&quot;:46.26984126984127243531474960036575794219970703125}],&quot;title&quot;:&quot;&quot;,&quot;titleColor&quot;:&quot;#fff&quot;,&quot;description&quot;:&quot;P100LL&quot;,&quot;descColor&quot;:&quot;#fff&quot;,&quot;btnText&quot;:&quot;&quot;,&quot;btnLink&quot;:&quot;&quot;,&quot;btnColors&quot;:{&quot;color&quot;:&quot;#fff&quot;,&quot;bg&quot;:&quot;#4527a4&quot;,&quot;bgType&quot;:&quot;solid&quot;,&quot;gradient&quot;:&quot;linear-gradient(135deg, #4527a4, #8344c5)&quot;,&quot;styles&quot;:&quot;color: #fff; background: #4527a4;&quot;},&quot;btnHovColors&quot;:{&quot;color&quot;:&quot;#fff&quot;,&quot;bg&quot;:&quot;#8344c5&quot;,&quot;bgType&quot;:&quot;solid&quot;,&quot;gradient&quot;:&quot;linear-gradient(135deg, #4527a4, #8344c5)&quot;,&quot;styles&quot;:&quot;color: #fff; background: #8344c5;&quot;}},{&quot;background&quot;:{&quot;color&quot;:&quot;#00000080&quot;,&quot;type&quot;:&quot;image&quot;,&quot;gradient&quot;:&quot;linear-gradient(135deg, #4527a4, #8344c5)&quot;,&quot;image&quot;:{&quot;id&quot;:405,&quot;url&quot;:&quot;https:\\\/\\\/www.fap-gmbh.de\\\/wp-content\\\/uploads\\\/2022\\\/03\\\/P350LL.jpg&quot;,&quot;alt&quot;:&quot;&quot;,&quot;title&quot;:&quot;P350LL&quot;},&quot;position&quot;:&quot;center center&quot;,&quot;attachment&quot;:&quot;initial&quot;,&quot;repeat&quot;:&quot;no-repeat&quot;,&quot;size&quot;:&quot;cover&quot;,&quot;overlayColor&quot;:&quot;rgba(0, 0, 0, 0)&quot;,&quot;styles&quot;:&quot;background-image: url(https:\\\/\\\/www.fap-gmbh.de\\\/wp-content\\\/uploads\\\/2022\\\/03\\\/P350LL.jpg); background-position: center center; background-size: contain; background-repeat: no-repeat; background-color: rgba(0, 0, 0, 0); background-blend-mode: overlay;&quot;},&quot;position&quot;:&quot;bottom center&quot;,&quot;childPositions&quot;:[{&quot;top&quot;:86.5,&quot;right&quot;:46.26984126984127243531474960036575794219970703125,&quot;bottom&quot;:11,&quot;left&quot;:46.26984126984127243531474960036575794219970703125}],&quot;title&quot;:&quot;&quot;,&quot;titleColor&quot;:&quot;#fff&quot;,&quot;description&quot;:&quot;P350LL&quot;,&quot;descColor&quot;:&quot;#fff&quot;,&quot;btnText&quot;:&quot;&quot;,&quot;btnLink&quot;:&quot;&quot;,&quot;btnColors&quot;:{&quot;color&quot;:&quot;#fff&quot;,&quot;bg&quot;:&quot;#4527a4&quot;,&quot;bgType&quot;:&quot;solid&quot;,&quot;gradient&quot;:&quot;linear-gradient(135deg, #4527a4, #8344c5)&quot;,&quot;styles&quot;:&quot;color: #fff; background: #4527a4;&quot;},&quot;btnHovColors&quot;:{&quot;color&quot;:&quot;#fff&quot;,&quot;bg&quot;:&quot;#8344c5&quot;,&quot;bgType&quot;:&quot;solid&quot;,&quot;gradient&quot;:&quot;linear-gradient(135deg, #4527a4, #8344c5)&quot;,&quot;styles&quot;:&quot;color: #fff; background: #8344c5;&quot;}},{&quot;background&quot;:{&quot;color&quot;:&quot;#00000080&quot;,&quot;type&quot;:&quot;image&quot;,&quot;gradient&quot;:&quot;linear-gradient(135deg, #4527a4, #8344c5)&quot;,&quot;image&quot;:{&quot;id&quot;:408,&quot;url&quot;:&quot;https:\\\/\\\/www.fap-gmbh.de\\\/wp-content\\\/uploads\\\/2022\\\/03\\\/PECVD-Elektrodensystem-rund.jpg&quot;,&quot;alt&quot;:&quot;&quot;,&quot;title&quot;:&quot;PECVD-Elektrodensystem rund&quot;},&quot;position&quot;:&quot;center center&quot;,&quot;attachment&quot;:&quot;initial&quot;,&quot;repeat&quot;:&quot;no-repeat&quot;,&quot;size&quot;:&quot;cover&quot;,&quot;overlayColor&quot;:&quot;rgba(0, 0, 0, 0)&quot;,&quot;styles&quot;:&quot;background-image: url(https:\\\/\\\/www.fap-gmbh.de\\\/wp-content\\\/uploads\\\/2022\\\/03\\\/PECVD-Elektrodensystem-rund.jpg); background-position: center center; background-size: contain; background-repeat: no-repeat; background-color: rgba(0, 0, 0, 0); background-blend-mode: overlay;&quot;},&quot;position&quot;:&quot;bottom center&quot;,&quot;childPositions&quot;:[{&quot;top&quot;:86.5,&quot;right&quot;:29.761904761904762750646114000119268894195556640625,&quot;bottom&quot;:11,&quot;left&quot;:29.761904761904762750646114000119268894195556640625}],&quot;title&quot;:&quot;&quot;,&quot;titleColor&quot;:&quot;#fff&quot;,&quot;description&quot;:&quot;PECVD Anlagen f\\u00fcr solargrade Silizium&quot;,&quot;descColor&quot;:&quot;#fff&quot;,&quot;btnText&quot;:&quot;&quot;,&quot;btnLink&quot;:&quot;&quot;,&quot;btnColors&quot;:{&quot;color&quot;:&quot;#fff&quot;,&quot;bg&quot;:&quot;#4527a4&quot;,&quot;bgType&quot;:&quot;solid&quot;,&quot;gradient&quot;:&quot;linear-gradient(135deg, #4527a4, #8344c5)&quot;,&quot;styles&quot;:&quot;color: #fff; background: #4527a4;&quot;},&quot;btnHovColors&quot;:{&quot;color&quot;:&quot;#fff&quot;,&quot;bg&quot;:&quot;#8344c5&quot;,&quot;bgType&quot;:&quot;solid&quot;,&quot;gradient&quot;:&quot;linear-gradient(135deg, #4527a4, #8344c5)&quot;,&quot;styles&quot;:&quot;color: #fff; background: #8344c5;&quot;}},{&quot;background&quot;:{&quot;color&quot;:&quot;#00000080&quot;,&quot;type&quot;:&quot;image&quot;,&quot;gradient&quot;:&quot;linear-gradient(135deg, #4527a4, #8344c5)&quot;,&quot;image&quot;:{&quot;id&quot;:409,&quot;url&quot;:&quot;https:\\\/\\\/www.fap-gmbh.de\\\/wp-content\\\/uploads\\\/2022\\\/03\\\/PEM_600.jpg&quot;,&quot;alt&quot;:&quot;&quot;,&quot;title&quot;:&quot;PEM_600&quot;},&quot;position&quot;:&quot;center center&quot;,&quot;attachment&quot;:&quot;initial&quot;,&quot;repeat&quot;:&quot;no-repeat&quot;,&quot;size&quot;:&quot;cover&quot;,&quot;overlayColor&quot;:&quot;rgba(0, 0, 0, 0)&quot;,&quot;styles&quot;:&quot;background-image: url(https:\\\/\\\/www.fap-gmbh.de\\\/wp-content\\\/uploads\\\/2022\\\/03\\\/PEM_600.jpg); background-position: center center; background-size: contain; background-repeat: no-repeat; background-color: rgba(0, 0, 0, 0); background-blend-mode: overlay;&quot;},&quot;position&quot;:&quot;bottom center&quot;,&quot;childPositions&quot;:[{&quot;top&quot;:86.5,&quot;right&quot;:20.47619047619047449870777199976146221160888671875,&quot;bottom&quot;:11,&quot;left&quot;:20.47619047619047449870777199976146221160888671875}],&quot;title&quot;:&quot;&quot;,&quot;titleColor&quot;:&quot;#fff&quot;,&quot;description&quot;:&quot;\\u00c4tzanlage zum Gro\\u00dffl\\u00e4chen- \\u00c4tzen von Metallstrukturen&quot;,&quot;descColor&quot;:&quot;#fff&quot;,&quot;btnText&quot;:&quot;&quot;,&quot;btnLink&quot;:&quot;&quot;,&quot;btnColors&quot;:{&quot;color&quot;:&quot;#fff&quot;,&quot;bg&quot;:&quot;#4527a4&quot;,&quot;bgType&quot;:&quot;solid&quot;,&quot;gradient&quot;:&quot;linear-gradient(135deg, #4527a4, #8344c5)&quot;,&quot;styles&quot;:&quot;color: #fff; background: #4527a4;&quot;},&quot;btnHovColors&quot;:{&quot;color&quot;:&quot;#fff&quot;,&quot;bg&quot;:&quot;#8344c5&quot;,&quot;bgType&quot;:&quot;solid&quot;,&quot;gradient&quot;:&quot;linear-gradient(135deg, #4527a4, #8344c5)&quot;,&quot;styles&quot;:&quot;color: #fff; background: #8344c5;&quot;}},{&quot;background&quot;:{&quot;color&quot;:&quot;#00000080&quot;,&quot;type&quot;:&quot;image&quot;,&quot;gradient&quot;:&quot;linear-gradient(135deg, #4527a4, #8344c5)&quot;,&quot;image&quot;:{&quot;id&quot;:407,&quot;url&quot;:&quot;https:\\\/\\\/www.fap-gmbh.de\\\/wp-content\\\/uploads\\\/2022\\\/03\\\/PECVD-Anlage_Elektrodensystem_GF.jpg&quot;,&quot;alt&quot;:&quot;&quot;,&quot;title&quot;:&quot;PECVD-Anlage_Elektrodensystem_GF&quot;},&quot;position&quot;:&quot;center center&quot;,&quot;attachment&quot;:&quot;initial&quot;,&quot;repeat&quot;:&quot;no-repeat&quot;,&quot;size&quot;:&quot;cover&quot;,&quot;overlayColor&quot;:&quot;rgba(0, 0, 0, 0)&quot;,&quot;styles&quot;:&quot;background-image: url(https:\\\/\\\/www.fap-gmbh.de\\\/wp-content\\\/uploads\\\/2022\\\/03\\\/PECVD-Anlage_Elektrodensystem_GF.jpg); background-position: center center; background-size: contain; background-repeat: no-repeat; background-color: rgba(0, 0, 0, 0); background-blend-mode: overlay;&quot;},&quot;position&quot;:&quot;bottom center&quot;,&quot;childPositions&quot;:[{&quot;top&quot;:86.5,&quot;right&quot;:10.5555555555555571345394128002226352691650390625,&quot;bottom&quot;:11,&quot;left&quot;:10.5555555555555571345394128002226352691650390625}],&quot;title&quot;:&quot;&quot;,&quot;titleColor&quot;:&quot;#fff&quot;,&quot;description&quot;:&quot;PECVD Elektrode f\\u00fcr die Gro\\u00dffl\\u00e4chige Abscheidung von amorphem Silizium&quot;,&quot;descColor&quot;:&quot;#000000&quot;,&quot;btnText&quot;:&quot;&quot;,&quot;btnLink&quot;:&quot;&quot;,&quot;btnColors&quot;:{&quot;color&quot;:&quot;#fff&quot;,&quot;bg&quot;:&quot;#4527a4&quot;,&quot;bgType&quot;:&quot;solid&quot;,&quot;gradient&quot;:&quot;linear-gradient(135deg, #4527a4, #8344c5)&quot;,&quot;styles&quot;:&quot;color: #fff; background: #4527a4;&quot;},&quot;btnHovColors&quot;:{&quot;color&quot;:&quot;#fff&quot;,&quot;bg&quot;:&quot;#8344c5&quot;,&quot;bgType&quot;:&quot;solid&quot;,&quot;gradient&quot;:&quot;linear-gradient(135deg, #4527a4, #8344c5)&quot;,&quot;styles&quot;:&quot;color: #fff; background: #8344c5;&quot;}}],&quot;sliderWidth&quot;:&quot;75%&quot;,&quot;sliderHeight&quot;:&quot;800px&quot;,&quot;speed&quot;:2.5,&quot;pageBorder&quot;:{&quot;radius&quot;:&quot;50%&quot;,&quot;width&quot;:&quot;0px&quot;,&quot;style&quot;:&quot;solid&quot;,&quot;color&quot;:&quot;#0000&quot;,&quot;side&quot;:&quot;all&quot;,&quot;styles&quot;:&quot;border-radius: 50%;&quot;},&quot;isTitle&quot;:false,&quot;titleTypo&quot;:{&quot;fontSize&quot;:25,&quot;styles&quot;:&quot;font-size: 25px; line-height: 135%;&quot;,&quot;googleFontLink&quot;:&quot;https:\\\/\\\/fonts.googleapis.com\\\/css2?family=Open+Sans&amp;display=swap&quot;},&quot;descTypo&quot;:{&quot;fontSize&quot;:15,&quot;styles&quot;:&quot;font-size: 15px; line-height: 135%;&quot;,&quot;googleFontLink&quot;:&quot;https:\\\/\\\/fonts.googleapis.com\\\/css2?family=Open+Sans&amp;display=swap&quot;},&quot;btnTypo&quot;:{&quot;fontSize&quot;:16,&quot;styles&quot;:&quot;font-size: 16px; line-height: 135%;&quot;,&quot;googleFontLink&quot;:&quot;https:\\\/\\\/fonts.googleapis.com\\\/css2?family=Open+Sans&amp;display=swap&quot;},&quot;btnPadding&quot;:{&quot;vertical&quot;:&quot;12px&quot;,&quot;horizontal&quot;:&quot;35px&quot;,&quot;side&quot;:2,&quot;top&quot;:&quot;0px&quot;,&quot;right&quot;:&quot;0px&quot;,&quot;bottom&quot;:&quot;0px&quot;,&quot;left&quot;:&quot;0px&quot;,&quot;styles&quot;:&quot;12px 35px&quot;},&quot;btnBorder&quot;:{&quot;radius&quot;:&quot;3px&quot;,&quot;width&quot;:&quot;0px&quot;,&quot;style&quot;:&quot;solid&quot;,&quot;color&quot;:&quot;#0000&quot;,&quot;side&quot;:&quot;all&quot;,&quot;styles&quot;:&quot;border-radius: 3px;&quot;},&quot;align&quot;:&quot;&quot;,&quot;columns&quot;:{&quot;desktop&quot;:1,&quot;tablet&quot;:1,&quot;mobile&quot;:1},&quot;columnGap&quot;:15,&quot;sliderAlign&quot;:&quot;center&quot;,&quot;isLoop&quot;:true,&quot;isTouchMove&quot;:true,&quot;isAutoplay&quot;:true,&quot;autoplayOptions&quot;:{&quot;delay&quot;:1.5,&quot;disableOnInteraction&quot;:false,&quot;reverseDirection&quot;:false,&quot;pauseOnMouseEnter&quot;:false,&quot;stopOnLastSlide&quot;:false},&quot;freeModeOptions&quot;:{&quot;enabled&quot;:false,&quot;sticky&quot;:false},&quot;effect&quot;:&quot;slide&quot;,&quot;keyboardOptions&quot;:{&quot;enabled&quot;:false},&quot;isMousewheel&quot;:false,&quot;isPage&quot;:true,&quot;pageOnDevice&quot;:{&quot;tablet&quot;:true,&quot;mobile&quot;:true},&quot;isPageClickable&quot;:true,&quot;isPageDynamic&quot;:true,&quot;isPrevNext&quot;:true,&quot;prevNextOnDevice&quot;:{&quot;tablet&quot;:true,&quot;mobile&quot;:true},&quot;sliderBG&quot;:{&quot;color&quot;:&quot;#0000&quot;},&quot;sliderPadding&quot;:{&quot;vertical&quot;:&quot;0px&quot;,&quot;horizontal&quot;:&quot;0px&quot;},&quot;pageColor&quot;:&quot;#fff&quot;,&quot;pageWidth&quot;:&quot;15px&quot;,&quot;pageHeight&quot;:&quot;15px&quot;,&quot;prevNextColor&quot;:&quot;#fff&quot;,&quot;isDesc&quot;:true,&quot;descColor&quot;:&quot;&quot;,&quot;isBtn&quot;:true,&quot;linkTarget&quot;:&quot;_blank&quot;,&quot;TrpContentRestriction&quot;:{&quot;restriction_type&quot;:&quot;exclude&quot;,&quot;selected_languages&quot;:[],&quot;panel_open&quot;:true}}'\n><\/div>\n\n\n<h3 class=\"wp-block-heading mt-10\"><strong>Auftrags- und Lohnbeschichtung<\/strong><\/h3>\n\n\n\n<p>Auf Anfrage k\u00f6nnen wir Muster &#8211; oder Lohnbeschichtungen nach Ihrem Wunsch mit vorhandenen PECVD- und Plasmaanlagen ausf\u00fchren. F\u00fcr Schichtentwicklungen sehen wir mit unserem erfahrenen Personal Ihren Anfragen offen entgegen. Unser Labor ist f\u00fcr die Verwendung von gef\u00e4hrlichen Gasen ausger\u00fcstet.<\/p>\n\n\n\n<h3 class=\"wp-block-heading mt-10\"><strong>Technologien<\/strong><\/h3>\n\n\n\n<ul class=\"wp-block-list\">\n<li>Amorphe Siliziumschichten bis 50\u00b5m<\/li>\n\n\n\n<li>Amorphe Siliziumschichten, solargrade<\/li>\n\n\n\n<li>Amorphe Siliziumschichten, Bor und Phosphor dotiert<\/li>\n\n\n\n<li>Amorphes Siliziumkarbid<\/li>\n\n\n\n<li>Siliziumverbindungen wie &nbsp;SixNy, SiOx, SiOCH, SiOxNy<\/li>\n\n\n\n<li>Abscheidung von hydrophilen und hydrophoben Polymerschichten<\/li>\n\n\n\n<li>Organische kohlenstoffhaltige Schichten<\/li>\n\n\n\n<li>Diverse physikalische und plasmachemische \u00c4tztechnologien stehen ebenfalls zur Verf\u00fcgung<\/li>\n\n\n\n<li>Weitere Technologien auf Anfrage.<\/li>\n<\/ul>\n\n\n\n<p><\/p>\n","protected":false},"excerpt":{"rendered":"<p>Plasma- und Anlagenkomponenten &#8211; Produkte Bilder Auftrags- und Lohnbeschichtung Auf Anfrage k\u00f6nnen wir Muster &#8211; oder Lohnbeschichtungen nach Ihrem Wunsch mit vorhandenen PECVD- und Plasmaanlagen ausf\u00fchren. F\u00fcr Schichtentwicklungen sehen wir mit unserem erfahrenen Personal Ihren Anfragen offen entgegen. Unser Labor ist f\u00fcr die Verwendung von gef\u00e4hrlichen Gasen ausger\u00fcstet. Technologien<\/p>","protected":false},"author":5,"featured_media":263,"parent":85,"menu_order":3,"comment_status":"closed","ping_status":"closed","template":"","meta":{"_acf_changed":false,"_eb_attr":"","inline_featured_image":false,"footnotes":""},"class_list":["post-225","page","type-page","status-publish","has-post-thumbnail","hentry"],"acf":[],"_links":{"self":[{"href":"https:\/\/www.fap-gmbh.de\/en\/wp-json\/wp\/v2\/pages\/225","targetHints":{"allow":["GET"]}}],"collection":[{"href":"https:\/\/www.fap-gmbh.de\/en\/wp-json\/wp\/v2\/pages"}],"about":[{"href":"https:\/\/www.fap-gmbh.de\/en\/wp-json\/wp\/v2\/types\/page"}],"author":[{"embeddable":true,"href":"https:\/\/www.fap-gmbh.de\/en\/wp-json\/wp\/v2\/users\/5"}],"replies":[{"embeddable":true,"href":"https:\/\/www.fap-gmbh.de\/en\/wp-json\/wp\/v2\/comments?post=225"}],"version-history":[{"count":34,"href":"https:\/\/www.fap-gmbh.de\/en\/wp-json\/wp\/v2\/pages\/225\/revisions"}],"predecessor-version":[{"id":656,"href":"https:\/\/www.fap-gmbh.de\/en\/wp-json\/wp\/v2\/pages\/225\/revisions\/656"}],"up":[{"embeddable":true,"href":"https:\/\/www.fap-gmbh.de\/en\/wp-json\/wp\/v2\/pages\/85"}],"wp:featuredmedia":[{"embeddable":true,"href":"https:\/\/www.fap-gmbh.de\/en\/wp-json\/wp\/v2\/media\/263"}],"wp:attachment":[{"href":"https:\/\/www.fap-gmbh.de\/en\/wp-json\/wp\/v2\/media?parent=225"}],"curies":[{"name":"wp","href":"https:\/\/api.w.org\/{rel}","templated":true}]}}