{"id":594,"date":"2025-09-02T11:29:23","date_gmt":"2025-09-02T11:29:23","guid":{"rendered":"https:\/\/www.fap-gmbh.de\/?page_id=594"},"modified":"2025-09-09T07:19:06","modified_gmt":"2025-09-09T07:19:06","slug":"__trashed","status":"publish","type":"page","link":"https:\/\/www.fap-gmbh.de\/en\/__trashed\/","title":{"rendered":"Career"},"content":{"rendered":"<div class=\"wp-block-group\"><div class=\"wp-block-group__inner-container is-layout-constrained wp-block-group-is-layout-constrained\"><\/div><\/div>\n\n\n\n<p><strong>Join our professional team. Here you will find our current job offer.<\/strong><\/p>\n\n\n\n<p><strong>Electronics technician - mechanical and electrical assembly (m\/f\/d)<\/strong><\/p>\n\n\n\n<p><em>Full-time - On-site in Dresden, Germany - Experienced professionals - available immediately<\/em><\/p>\n\n\n\n<p class=\"translation-block\">FAP GmbH Dresden - Your partner for complete service, general overhaul and sales of devices and components of<strong> High Frequency Power Technology, Gas Measurement and Control Technology (MFC)<\/strong> and the planning and manufacturing of<strong> Custom Installations <\/strong>(special equipment) and <strong> Components for the Vacuum Thin-Film Technology<\/strong>.<\/p>\n\n\n\n<p>We are service providers for research and development and industry, for example semiconductor production, sensor and thin-film technology and environmental technology.<\/p>\n\n\n\n<p class=\"translation-block\">In our thin- film laboratory we can carry out various <strong>Contract Coating<\/strong> services.<\/p>\n\n\n\n<p>You can expect a varied and diverse work in the field of electronics and electrical engineering on individual assemblies or components, up to the construction of complex special vacuum thin-film technology equipment.<\/p>\n\n\n\n<p><strong>Your tasks with us:<\/strong><\/p>\n\n\n\n<ul class=\"wp-block-list\">\n<li>Installation, commissioning, testing, repair and dismantling of production systems and components<\/li>\n\n\n\n<li>Maintenance and repair of mechanical and electrical components in various systems<\/li>\n\n\n\n<li>Performing electrical measuring, testing and adjustment work on components and systems<\/li>\n<\/ul>\n\n\n\n<p><strong>Your know-how:<\/strong><\/p>\n\n\n\n<ul class=\"wp-block-list\">\n<li>Successfully completed technical vocational training in an electrical field, e.g., industrial electrician, mechatronics engineer, electrician, electronics technician for industrial engineering or comparable qualification<\/li>\n\n\n\n<li>Initial professional experience in the assembly and installation of electrical components, good technical understanding and manual skills<\/li>\n\n\n\n<li>Interest in high-frequency technology<\/li>\n\n\n\n<li>Self-motivated and independent work<\/li>\n\n\n\n<li>Basic knowledge of German and English is an advantage<\/li>\n\n\n\n<li>Teamwork, reliability and a friendly manner round off your profile<\/li>\n<\/ul>\n\n\n\n<p><strong>Benefits<\/strong><\/p>\n\n\n\n<ul class=\"wp-block-list\">\n<li>Flat hierarchy<\/li>\n\n\n\n<li>Flexible working hours<\/li>\n\n\n\n<li>29 days of holiday<\/li>\n\n\n\n<li>Performance-based pay<\/li>\n\n\n\n<li>Good transport links including free parking<\/li>\n\n\n\n<li>Employee discounts<\/li>\n\n\n\n<li>Company pension scheme<\/li>\n\n\n\n<li>Company accident insurance<\/li>\n\n\n\n<li>E-car charging station<\/li>\n\n\n\n<li>Training opportunities<\/li>\n\n\n\n<li>Free drinks<\/li>\n\n\n\n<li>On-site cafeteria with breakfast and lunch options<\/li>\n<\/ul>\n\n\n\n<p><strong>Are you interested?<\/strong><\/p>\n\n\n\n<p>Then we look forward to receiving your detailed application, stating your salary expectations and notice period. Please apply preferably digitally to the following email address, for the attention of Mr. Kuske:&nbsp; <a href=\"mailto:info@fap-gmbh.de\"><strong>info@fap-gmbh.de<\/strong><\/a><\/p>\n\n\n\n<p><\/p>\n\n\n\n<p><\/p>","protected":false},"excerpt":{"rendered":"<p>Werden Sie Teil unseres professionellen Teams. Hier finden Sie unsere aktuellen Stellenanzeigen. Elektroniker &#8211; Bereich mechanische und elektrische Montage (m\/w\/d) Vollzeit \u2013 Vor Ort in Dresden, Deutschland \u2013 Berufserfahrene \u2013 ab sofort m\u00f6glich Die FAP GmbH Dresden &#8211; Ansprechpartner f\u00fcr den Komplettservice, die General\u00fcberholung und den Verkauf von Ger\u00e4ten und Komponenten der\u00a0Hochfrequenz-Leistungstechnik, der\u00a0Gas-, Mess- und [&hellip;]<\/p>\n","protected":false},"author":4,"featured_media":9,"parent":0,"menu_order":0,"comment_status":"closed","ping_status":"closed","template":"","meta":{"_acf_changed":false,"_eb_attr":"","inline_featured_image":false,"footnotes":""},"class_list":["post-594","page","type-page","status-publish","has-post-thumbnail","hentry"],"acf":[],"_links":{"self":[{"href":"https:\/\/www.fap-gmbh.de\/en\/wp-json\/wp\/v2\/pages\/594","targetHints":{"allow":["GET"]}}],"collection":[{"href":"https:\/\/www.fap-gmbh.de\/en\/wp-json\/wp\/v2\/pages"}],"about":[{"href":"https:\/\/www.fap-gmbh.de\/en\/wp-json\/wp\/v2\/types\/page"}],"author":[{"embeddable":true,"href":"https:\/\/www.fap-gmbh.de\/en\/wp-json\/wp\/v2\/users\/4"}],"replies":[{"embeddable":true,"href":"https:\/\/www.fap-gmbh.de\/en\/wp-json\/wp\/v2\/comments?post=594"}],"version-history":[{"count":9,"href":"https:\/\/www.fap-gmbh.de\/en\/wp-json\/wp\/v2\/pages\/594\/revisions"}],"predecessor-version":[{"id":634,"href":"https:\/\/www.fap-gmbh.de\/en\/wp-json\/wp\/v2\/pages\/594\/revisions\/634"}],"wp:featuredmedia":[{"embeddable":true,"href":"https:\/\/www.fap-gmbh.de\/en\/wp-json\/wp\/v2\/media\/9"}],"wp:attachment":[{"href":"https:\/\/www.fap-gmbh.de\/en\/wp-json\/wp\/v2\/media?parent=594"}],"curies":[{"name":"wp","href":"https:\/\/api.w.org\/{rel}","templated":true}]}}